{"id":144,"date":"2024-05-29T08:22:11","date_gmt":"2024-05-29T08:22:11","guid":{"rendered":"https:\/\/locationsallenantes.com\/?page_id=144"},"modified":"2025-05-30T06:35:49","modified_gmt":"2025-05-30T06:35:49","slug":"mentions-legales","status":"publish","type":"page","link":"https:\/\/locationsallenantes.com\/?page_id=144","title":{"rendered":"Mentions l\u00e9gales"},"content":{"rendered":"\t\t<div data-elementor-type=\"wp-page\" data-elementor-id=\"144\" class=\"elementor elementor-144\" data-elementor-post-type=\"page\">\n\t\t\t\t<div class=\"elementor-element elementor-element-2c52dff e-flex e-con-boxed e-con e-parent\" data-id=\"2c52dff\" data-element_type=\"container\" data-e-type=\"container\">\n\t\t\t\t\t<div class=\"e-con-inner\">\n\t\t\t\t<div class=\"elementor-element elementor-element-58a6c11 elementor-widget elementor-widget-heading\" data-id=\"58a6c11\" data-element_type=\"widget\" data-e-type=\"widget\" data-widget_type=\"heading.default\">\n\t\t\t\t<div class=\"elementor-widget-container\">\n\t\t\t\t\t<h1 class=\"elementor-heading-title elementor-size-default\">Mentions l\u00e9gales<\/h1>\t\t\t\t<\/div>\n\t\t\t\t<\/div>\n\t\t\t\t<div class=\"elementor-element elementor-element-98eb3fd elementor-widget elementor-widget-heading\" data-id=\"98eb3fd\" data-element_type=\"widget\" data-e-type=\"widget\" data-widget_type=\"heading.default\">\n\t\t\t\t<div class=\"elementor-widget-container\">\n\t\t\t\t\t<h2 class=\"elementor-heading-title elementor-size-default\">Responsabilit\u00e9 \u00e9ditoriale<\/h2>\t\t\t\t<\/div>\n\t\t\t\t<\/div>\n\t\t\t\t<div class=\"elementor-element elementor-element-e7ccae4 elementor-widget__width-initial elementor-widget elementor-widget-text-editor\" data-id=\"e7ccae4\" data-element_type=\"widget\" data-e-type=\"widget\" data-widget_type=\"text-editor.default\">\n\t\t\t\t<div class=\"elementor-widget-container\">\n\t\t\t\t\t\t\t\t\t<p>Madame Mathilde Moreau est la responsable \u00e9ditoriale du site nantes-spectacles.com<\/p>\t\t\t\t\t\t\t\t<\/div>\n\t\t\t\t<\/div>\n\t\t\t\t<div class=\"elementor-element elementor-element-cd485f6 elementor-widget elementor-widget-heading\" data-id=\"cd485f6\" data-element_type=\"widget\" data-e-type=\"widget\" data-widget_type=\"heading.default\">\n\t\t\t\t<div class=\"elementor-widget-container\">\n\t\t\t\t\t<h2 class=\"elementor-heading-title elementor-size-default\">Soci\u00e9t\u00e9<\/h2>\t\t\t\t<\/div>\n\t\t\t\t<\/div>\n\t\t\t\t<div class=\"elementor-element elementor-element-47fa78d elementor-widget__width-initial elementor-widget elementor-widget-text-editor\" data-id=\"47fa78d\" data-element_type=\"widget\" data-e-type=\"widget\" data-widget_type=\"text-editor.default\">\n\t\t\t\t<div class=\"elementor-widget-container\">\n\t\t\t\t\t\t\t\t\t<p>Mathilde Moreau SARL<br \/>6 Rue des Carm\u00e9lites<br \/>44000 Nantes<br \/>SIRET : 501 820 104 00013<\/p>\t\t\t\t\t\t\t\t<\/div>\n\t\t\t\t<\/div>\n\t\t\t\t<div class=\"elementor-element elementor-element-4d2f7d8 elementor-widget elementor-widget-heading\" data-id=\"4d2f7d8\" data-element_type=\"widget\" data-e-type=\"widget\" data-widget_type=\"heading.default\">\n\t\t\t\t<div class=\"elementor-widget-container\">\n\t\t\t\t\t<h2 class=\"elementor-heading-title elementor-size-default\">R\u00e9alisation<\/h2>\t\t\t\t<\/div>\n\t\t\t\t<\/div>\n\t\t\t\t<div class=\"elementor-element elementor-element-b952e76 elementor-widget__width-initial elementor-widget elementor-widget-text-editor\" data-id=\"b952e76\" data-element_type=\"widget\" data-e-type=\"widget\" data-widget_type=\"text-editor.default\">\n\t\t\t\t<div class=\"elementor-widget-container\">\n\t\t\t\t\t\t\t\t\t<p>Topicimes &#8211; Agence Web \u00e0 Le Mans<br \/>3 Avenue Ren\u00e9 Laennec<br \/>72000 Le Mans<br \/>T\u00e9l\u00e9phone : 07 56 83 87 77<br \/><a href=\"https:\/\/topicimes.pro\/\" target=\"_blank\" rel=\"noopener\">https:\/\/topicimes.pro\/<\/a><\/p>\t\t\t\t\t\t\t\t<\/div>\n\t\t\t\t<\/div>\n\t\t\t\t<div class=\"elementor-element elementor-element-f5093a0 elementor-widget elementor-widget-heading\" data-id=\"f5093a0\" data-element_type=\"widget\" data-e-type=\"widget\" data-widget_type=\"heading.default\">\n\t\t\t\t<div class=\"elementor-widget-container\">\n\t\t\t\t\t<h2 class=\"elementor-heading-title elementor-size-default\">H\u00e9bergeur<\/h2>\t\t\t\t<\/div>\n\t\t\t\t<\/div>\n\t\t\t\t<div class=\"elementor-element elementor-element-2555bcd elementor-widget__width-initial elementor-widget elementor-widget-text-editor\" data-id=\"2555bcd\" data-element_type=\"widget\" data-e-type=\"widget\" data-widget_type=\"text-editor.default\">\n\t\t\t\t<div class=\"elementor-widget-container\">\n\t\t\t\t\t\t\t\t\t<p>Kinsta Inc.<br \/>Clarkesville, GA 30523<br \/>United States<br \/>legal@kinsta.com<\/p>\t\t\t\t\t\t\t\t<\/div>\n\t\t\t\t<\/div>\n\t\t\t\t\t<\/div>\n\t\t\t\t<\/div>\n\t\t\t\t<\/div>\n\t\t","protected":false},"excerpt":{"rendered":"<p>Mentions l\u00e9gales Responsabilit\u00e9 \u00e9ditoriale Madame Mathilde Moreau est la responsable \u00e9ditoriale du site nantes-spectacles.com Soci\u00e9t\u00e9 Mathilde Moreau SARL6 Rue des Carm\u00e9lites44000 NantesSIRET : 501 820 104 00013 R\u00e9alisation Topicimes &#8211; Agence Web \u00e0 Le Mans3 Avenue Ren\u00e9 Laennec72000 Le MansT\u00e9l\u00e9phone : 07 56 83 87 77https:\/\/topicimes.pro\/ H\u00e9bergeur Kinsta Inc.Clarkesville, GA 30523United Stateslegal@kinsta.com<\/p>\n","protected":false},"author":1,"featured_media":0,"parent":0,"menu_order":0,"comment_status":"closed","ping_status":"closed","template":"","meta":{"_acf_changed":false,"footnotes":""},"type_publication":[],"class_list":["post-144","page","type-page","status-publish","hentry"],"acf":[],"_links":{"self":[{"href":"https:\/\/locationsallenantes.com\/index.php?rest_route=\/wp\/v2\/pages\/144","targetHints":{"allow":["GET"]}}],"collection":[{"href":"https:\/\/locationsallenantes.com\/index.php?rest_route=\/wp\/v2\/pages"}],"about":[{"href":"https:\/\/locationsallenantes.com\/index.php?rest_route=\/wp\/v2\/types\/page"}],"author":[{"embeddable":true,"href":"https:\/\/locationsallenantes.com\/index.php?rest_route=\/wp\/v2\/users\/1"}],"replies":[{"embeddable":true,"href":"https:\/\/locationsallenantes.com\/index.php?rest_route=%2Fwp%2Fv2%2Fcomments&post=144"}],"version-history":[{"count":0,"href":"https:\/\/locationsallenantes.com\/index.php?rest_route=\/wp\/v2\/pages\/144\/revisions"}],"wp:attachment":[{"href":"https:\/\/locationsallenantes.com\/index.php?rest_route=%2Fwp%2Fv2%2Fmedia&parent=144"}],"wp:term":[{"taxonomy":"type_publication","embeddable":true,"href":"https:\/\/locationsallenantes.com\/index.php?rest_route=%2Fwp%2Fv2%2Ftype_publication&post=144"}],"curies":[{"name":"wp","href":"https:\/\/api.w.org\/{rel}","templated":true}]}}