{"id":698,"date":"2024-11-05T15:59:25","date_gmt":"2024-11-05T15:59:25","guid":{"rendered":"https:\/\/locationsallenantes.com\/?page_id=698"},"modified":"2026-03-25T15:57:50","modified_gmt":"2026-03-25T15:57:50","slug":"photos5","status":"publish","type":"page","link":"https:\/\/locationsallenantes.com\/?page_id=698","title":{"rendered":"Photos"},"content":{"rendered":"\t\t<div data-elementor-type=\"wp-page\" data-elementor-id=\"698\" class=\"elementor elementor-698\" data-elementor-post-type=\"page\">\n\t\t\t\t<div class=\"elementor-element elementor-element-dc1b463 e-flex e-con-boxed e-con e-parent\" data-id=\"dc1b463\" data-element_type=\"container\" data-e-type=\"container\">\n\t\t\t\t\t<div class=\"e-con-inner\">\n\t\t\t\t<div class=\"elementor-element elementor-element-12f6d62 elementor-widget elementor-widget-button\" data-id=\"12f6d62\" data-element_type=\"widget\" data-e-type=\"widget\" data-widget_type=\"button.default\">\n\t\t\t\t<div class=\"elementor-widget-container\">\n\t\t\t\t\t\t\t\t\t<div class=\"elementor-button-wrapper\">\n\t\t\t\t\t<a class=\"elementor-button elementor-button-link elementor-size-sm\" href=\"https:\/\/locationsallenantes.com\/?page_id=686\">\n\t\t\t\t\t\t<span class=\"elementor-button-content-wrapper\">\n\t\t\t\t\t\t<span class=\"elementor-button-icon\">\n\t\t\t\t<svg xmlns=\"http:\/\/www.w3.org\/2000\/svg\" id=\"Outline\" viewBox=\"0 0 24 24\" width=\"512\" height=\"512\"><path d=\"M.88,14.09,4.75,18a1,1,0,0,0,1.42,0h0a1,1,0,0,0,0-1.42L2.61,13H23a1,1,0,0,0,1-1h0a1,1,0,0,0-1-1H2.55L6.17,7.38A1,1,0,0,0,6.17,6h0A1,1,0,0,0,4.75,6L.88,9.85A3,3,0,0,0,.88,14.09Z\"><\/path><\/svg>\t\t\t<\/span>\n\t\t\t\t\t\t\t\t\t<span class=\"elementor-button-text\">Retour<\/span>\n\t\t\t\t\t<\/span>\n\t\t\t\t\t<\/a>\n\t\t\t\t<\/div>\n\t\t\t\t\t\t\t\t<\/div>\n\t\t\t\t<\/div>\n\t\t\t\t<div class=\"elementor-element elementor-element-0ab5798 elementor-widget elementor-widget-theme-site-logo elementor-widget-image\" data-id=\"0ab5798\" data-element_type=\"widget\" data-e-type=\"widget\" data-widget_type=\"theme-site-logo.default\">\n\t\t\t\t<div class=\"elementor-widget-container\">\n\t\t\t\t\t\t\t\t\t\t\t<a href=\"https:\/\/locationsallenantes.com\">\n\t\t\t<img decoding=\"async\" width=\"224\" height=\"106\" src=\"https:\/\/locationsallenantes.com\/wp-content\/uploads\/2024\/05\/logo-site-event.png\" class=\"attachment-full size-full wp-image-1242\" alt=\"logo la compagnie du cafe theatre event\" title=\"\">\t\t\t\t<\/a>\n\t\t\t\t\t\t\t\t\t\t\t<\/div>\n\t\t\t\t<\/div>\n\t\t\t\t\t<\/div>\n\t\t\t\t<\/div>\n\t\t<div class=\"elementor-element elementor-element-d6e0836 e-flex e-con-boxed e-con e-parent\" data-id=\"d6e0836\" data-element_type=\"container\" data-e-type=\"container\">\n\t\t\t\t\t<div class=\"e-con-inner\">\n\t\t\t\t<div class=\"elementor-element elementor-element-a9abcb9 elementor-widget elementor-widget-heading\" data-id=\"a9abcb9\" data-element_type=\"widget\" data-e-type=\"widget\" data-widget_type=\"heading.default\">\n\t\t\t\t<div class=\"elementor-widget-container\">\n\t\t\t\t\t<h1 class=\"elementor-heading-title elementor-size-default\">Photos du  Th\u00e9\u00e2tre Anne Roumanoff<\/h1>\t\t\t\t<\/div>\n\t\t\t\t<\/div>\n\t\t\t\t<div class=\"elementor-element elementor-element-29dcdea elementor-widget elementor-widget-gallery\" data-id=\"29dcdea\" data-element_type=\"widget\" data-e-type=\"widget\" data-settings=\"{&quot;gallery_layout&quot;:&quot;masonry&quot;,&quot;columns&quot;:2,&quot;overlay_title&quot;:&quot;title&quot;,&quot;overlay_description&quot;:&quot;caption&quot;,&quot;gap&quot;:{&quot;unit&quot;:&quot;px&quot;,&quot;size&quot;:20,&quot;sizes&quot;:[]},&quot;gap_mobile&quot;:{&quot;unit&quot;:&quot;px&quot;,&quot;size&quot;:20,&quot;sizes&quot;:[]},&quot;columns_tablet&quot;:2,&quot;columns_mobile&quot;:1,&quot;gap_tablet&quot;:{&quot;unit&quot;:&quot;px&quot;,&quot;size&quot;:10,&quot;sizes&quot;:[]},&quot;link_to&quot;:&quot;file&quot;,&quot;overlay_background&quot;:&quot;yes&quot;,&quot;content_hover_animation&quot;:&quot;fade-in&quot;}\" data-widget_type=\"gallery.default\">\n\t\t\t\t<div class=\"elementor-widget-container\">\n\t\t\t\t\t\t\t<div class=\"elementor-gallery__container\">\n\t\t\t\t\t\t\t<a class=\"e-gallery-item elementor-gallery-item elementor-animated-content\" href=\"https:\/\/locationsallenantes.com\/wp-content\/uploads\/2024\/11\/A-cote-nuit-scaled.jpg\" data-elementor-open-lightbox=\"yes\" data-elementor-lightbox-slideshow=\"29dcdea\" data-elementor-lightbox-title=\"Th\u00e9\u00e2tre Roumanoff\" data-elementor-lightbox-description=\"Salle de th\u00e9\u00e2tre et conf\u00e9rences \u00e0 Nantes\" data-e-action-hash=\"#elementor-action%3Aaction%3Dlightbox%26settings%3DeyJpZCI6Njg4LCJ1cmwiOiJodHRwczpcL1wvbG9jYXRpb25zYWxsZW5hbnRlcy5jb21cL3dwLWNvbnRlbnRcL3VwbG9hZHNcLzIwMjRcLzExXC9BLWNvdGUtbnVpdC1zY2FsZWQuanBnIiwic2xpZGVzaG93IjoiMjlkY2RlYSJ9\">\n\t\t\t\t\t<div class=\"e-gallery-image elementor-gallery-item__image\" data-thumbnail=\"https:\/\/locationsallenantes.com\/wp-content\/uploads\/2024\/11\/A-cote-nuit-768x725.jpg\" data-width=\"768\" data-height=\"725\" aria-label=\"Th\u00e9\u00e2tre Anne Roumanoff \u2013 ambiance lumineuse\" role=\"img\" ><\/div>\n\t\t\t\t\t\t\t\t\t\t\t<div class=\"elementor-gallery-item__overlay\"><\/div>\n\t\t\t\t\t\t\t\t\t\t\t\t\t\t\t<div class=\"elementor-gallery-item__content\">\n\t\t\t\t\t\t\t\t\t\t\t\t\t\t<div class=\"elementor-gallery-item__title\">\n\t\t\t\t\t\t\t\t\t\t\t\t\t\t\t\t\t\tTh\u00e9\u00e2tre Roumanoff\t\t\t\t\t\t\t\t<\/div>\n\t\t\t\t\t\t\t\t\t\t\t\t\t\t\t<div class=\"elementor-gallery-item__description\">\n\t\t\t\t\t\t\t\t\t\t\t\t\t\t\t\t\t\tVue depuis la cour\t\t\t\t\t\t\t\t<\/div>\n\t\t\t\t\t\t\t\t\t\t\t\t<\/div>\n\t\t\t\t\t\t\t\t\t<\/a>\n\t\t\t\t\t\t\t<a class=\"e-gallery-item elementor-gallery-item elementor-animated-content\" href=\"https:\/\/locationsallenantes.com\/wp-content\/uploads\/2024\/11\/ROUMANOFF-1-1.png\" data-elementor-open-lightbox=\"yes\" data-elementor-lightbox-slideshow=\"29dcdea\" data-elementor-lightbox-title=\"Th\u00e9\u00e2tre Roumanoff\" data-elementor-lightbox-description=\"Salle de th\u00e9\u00e2tre et conf\u00e9rences \u00e0 Nantes\" data-e-action-hash=\"#elementor-action%3Aaction%3Dlightbox%26settings%3DeyJpZCI6MTIyMSwidXJsIjoiaHR0cHM6XC9cL2xvY2F0aW9uc2FsbGVuYW50ZXMuY29tXC93cC1jb250ZW50XC91cGxvYWRzXC8yMDI0XC8xMVwvUk9VTUFOT0ZGLTEtMS5wbmciLCJzbGlkZXNob3ciOiIyOWRjZGVhIn0%3D\">\n\t\t\t\t\t<div class=\"e-gallery-image elementor-gallery-item__image\" data-thumbnail=\"https:\/\/locationsallenantes.com\/wp-content\/uploads\/2024\/11\/ROUMANOFF-1-1-768x514.png\" data-width=\"768\" data-height=\"514\" aria-label=\"Salle de th\u00e9\u00e2tre et conf\u00e9rences \u00e0 Nantes\" role=\"img\" ><\/div>\n\t\t\t\t\t\t\t\t\t\t\t<div class=\"elementor-gallery-item__overlay\"><\/div>\n\t\t\t\t\t\t\t\t\t\t\t\t\t\t\t<div class=\"elementor-gallery-item__content\">\n\t\t\t\t\t\t\t\t\t\t\t\t\t\t<div class=\"elementor-gallery-item__title\">\n\t\t\t\t\t\t\t\t\t\t\t\t\t\t\t\t\t\tTh\u00e9\u00e2tre Roumanoff\t\t\t\t\t\t\t\t<\/div>\n\t\t\t\t\t\t\t\t\t\t\t\t\t\t\t<div class=\"elementor-gallery-item__description\">\n\t\t\t\t\t\t\t\t\t\t\t\t\t\t\t\t\t\tPlan du th\u00e9\u00e2tre\t\t\t\t\t\t\t\t<\/div>\n\t\t\t\t\t\t\t\t\t\t\t\t<\/div>\n\t\t\t\t\t\t\t\t\t<\/a>\n\t\t\t\t\t\t\t<a class=\"e-gallery-item elementor-gallery-item elementor-animated-content\" href=\"https:\/\/locationsallenantes.com\/wp-content\/uploads\/2026\/03\/Location-salle-Nantes.jpg\" data-elementor-open-lightbox=\"yes\" data-elementor-lightbox-slideshow=\"29dcdea\" data-elementor-lightbox-title=\"Th\u00e9\u00e2tre Roumanoff\" data-elementor-lightbox-description=\"Location salle Nantes\" data-e-action-hash=\"#elementor-action%3Aaction%3Dlightbox%26settings%3DeyJpZCI6Mzg0NSwidXJsIjoiaHR0cHM6XC9cL2xvY2F0aW9uc2FsbGVuYW50ZXMuY29tXC93cC1jb250ZW50XC91cGxvYWRzXC8yMDI2XC8wM1wvTG9jYXRpb24tc2FsbGUtTmFudGVzLmpwZyIsInNsaWRlc2hvdyI6IjI5ZGNkZWEifQ%3D%3D\">\n\t\t\t\t\t<div class=\"e-gallery-image elementor-gallery-item__image\" data-thumbnail=\"https:\/\/locationsallenantes.com\/wp-content\/uploads\/2026\/03\/Location-salle-Nantes-768x512.jpg\" data-width=\"768\" data-height=\"512\" aria-label=\"Location salle Nantes - R\u00e9union\" role=\"img\" ><\/div>\n\t\t\t\t\t\t\t\t\t\t\t<div class=\"elementor-gallery-item__overlay\"><\/div>\n\t\t\t\t\t\t\t\t\t\t\t\t\t\t\t<div class=\"elementor-gallery-item__content\">\n\t\t\t\t\t\t\t\t\t\t\t\t\t\t<div class=\"elementor-gallery-item__title\">\n\t\t\t\t\t\t\t\t\t\t\t\t\t\t\t\t\t\tTh\u00e9\u00e2tre Roumanoff\t\t\t\t\t\t\t\t<\/div>\n\t\t\t\t\t\t\t\t\t\t\t\t\t\t\t<div class=\"elementor-gallery-item__description\">\n\t\t\t\t\t\t\t\t\t\t\t\t\t\t\t\t\t\tSc\u00e8ne sur\u00e9lev\u00e9e\t\t\t\t\t\t\t\t<\/div>\n\t\t\t\t\t\t\t\t\t\t\t\t<\/div>\n\t\t\t\t\t\t\t\t\t<\/a>\n\t\t\t\t\t\t\t<a class=\"e-gallery-item elementor-gallery-item elementor-animated-content\" href=\"https:\/\/locationsallenantes.com\/wp-content\/uploads\/2026\/03\/Location-salle-Nantes-gare.jpg\" data-elementor-open-lightbox=\"yes\" data-elementor-lightbox-slideshow=\"29dcdea\" data-elementor-lightbox-title=\"Th\u00e9\u00e2tre Roumanoff\" data-elementor-lightbox-description=\"Location salle Nantes gare\" data-e-action-hash=\"#elementor-action%3Aaction%3Dlightbox%26settings%3DeyJpZCI6Mzg0NiwidXJsIjoiaHR0cHM6XC9cL2xvY2F0aW9uc2FsbGVuYW50ZXMuY29tXC93cC1jb250ZW50XC91cGxvYWRzXC8yMDI2XC8wM1wvTG9jYXRpb24tc2FsbGUtTmFudGVzLWdhcmUuanBnIiwic2xpZGVzaG93IjoiMjlkY2RlYSJ9\">\n\t\t\t\t\t<div class=\"e-gallery-image elementor-gallery-item__image\" data-thumbnail=\"https:\/\/locationsallenantes.com\/wp-content\/uploads\/2026\/03\/Location-salle-Nantes-gare-768x573.jpg\" data-width=\"768\" data-height=\"573\" aria-label=\"Location salle Nantes gare\" role=\"img\" ><\/div>\n\t\t\t\t\t\t\t\t\t\t\t<div class=\"elementor-gallery-item__overlay\"><\/div>\n\t\t\t\t\t\t\t\t\t\t\t\t\t\t\t<div class=\"elementor-gallery-item__content\">\n\t\t\t\t\t\t\t\t\t\t\t\t\t\t<div class=\"elementor-gallery-item__title\">\n\t\t\t\t\t\t\t\t\t\t\t\t\t\t\t\t\t\tTh\u00e9\u00e2tre Roumanoff\t\t\t\t\t\t\t\t<\/div>\n\t\t\t\t\t\t\t\t\t\t\t\t\t\t\t<div class=\"elementor-gallery-item__description\">\n\t\t\t\t\t\t\t\t\t\t\t\t\t\t\t\t\t\tVue des si\u00e8ges\t\t\t\t\t\t\t\t<\/div>\n\t\t\t\t\t\t\t\t\t\t\t\t<\/div>\n\t\t\t\t\t\t\t\t\t<\/a>\n\t\t\t\t\t\t\t<a class=\"e-gallery-item elementor-gallery-item elementor-animated-content\" href=\"https:\/\/locationsallenantes.com\/wp-content\/uploads\/2026\/03\/Location-salle-Nantes-partenaires.jpg\" data-elementor-open-lightbox=\"yes\" data-elementor-lightbox-slideshow=\"29dcdea\" data-elementor-lightbox-title=\"Th\u00e9\u00e2tre Roumanoff\" data-elementor-lightbox-description=\"Location salle Nantes partenaires\" data-e-action-hash=\"#elementor-action%3Aaction%3Dlightbox%26settings%3DeyJpZCI6Mzg0NywidXJsIjoiaHR0cHM6XC9cL2xvY2F0aW9uc2FsbGVuYW50ZXMuY29tXC93cC1jb250ZW50XC91cGxvYWRzXC8yMDI2XC8wM1wvTG9jYXRpb24tc2FsbGUtTmFudGVzLXBhcnRlbmFpcmVzLmpwZyIsInNsaWRlc2hvdyI6IjI5ZGNkZWEifQ%3D%3D\">\n\t\t\t\t\t<div class=\"e-gallery-image elementor-gallery-item__image\" data-thumbnail=\"https:\/\/locationsallenantes.com\/wp-content\/uploads\/2026\/03\/Location-salle-Nantes-partenaires-768x512.jpg\" data-width=\"768\" data-height=\"512\" aria-label=\"Location salle Nantes proche gare\" role=\"img\" ><\/div>\n\t\t\t\t\t\t\t\t\t\t\t<div class=\"elementor-gallery-item__overlay\"><\/div>\n\t\t\t\t\t\t\t\t\t\t\t\t\t\t\t<div class=\"elementor-gallery-item__content\">\n\t\t\t\t\t\t\t\t\t\t\t\t\t\t<div class=\"elementor-gallery-item__title\">\n\t\t\t\t\t\t\t\t\t\t\t\t\t\t\t\t\t\tTh\u00e9\u00e2tre Roumanoff\t\t\t\t\t\t\t\t<\/div>\n\t\t\t\t\t\t\t\t\t\t\t\t\t\t\t<div class=\"elementor-gallery-item__description\">\n\t\t\t\t\t\t\t\t\t\t\t\t\t\t\t\t\t\tSalle lumineuse\t\t\t\t\t\t\t\t<\/div>\n\t\t\t\t\t\t\t\t\t\t\t\t<\/div>\n\t\t\t\t\t\t\t\t\t<\/a>\n\t\t\t\t\t\t\t<a class=\"e-gallery-item elementor-gallery-item elementor-animated-content\" href=\"https:\/\/locationsallenantes.com\/wp-content\/uploads\/2026\/03\/Location-salle-Nantes-proche-gare.jpg\" data-elementor-open-lightbox=\"yes\" data-elementor-lightbox-slideshow=\"29dcdea\" data-elementor-lightbox-title=\"Th\u00e9\u00e2tre Roumanoff\" data-elementor-lightbox-description=\"Salle de r\u00e9union Nantes\" data-e-action-hash=\"#elementor-action%3Aaction%3Dlightbox%26settings%3DeyJpZCI6Mzg2OSwidXJsIjoiaHR0cHM6XC9cL2xvY2F0aW9uc2FsbGVuYW50ZXMuY29tXC93cC1jb250ZW50XC91cGxvYWRzXC8yMDI2XC8wM1wvTG9jYXRpb24tc2FsbGUtTmFudGVzLXByb2NoZS1nYXJlLmpwZyIsInNsaWRlc2hvdyI6IjI5ZGNkZWEifQ%3D%3D\">\n\t\t\t\t\t<div class=\"e-gallery-image elementor-gallery-item__image\" data-thumbnail=\"https:\/\/locationsallenantes.com\/wp-content\/uploads\/2026\/03\/Location-salle-Nantes-proche-gare-768x512.jpg\" data-width=\"768\" data-height=\"512\" aria-label=\"Salle de r\u00e9union Nantes\" role=\"img\" ><\/div>\n\t\t\t\t\t\t\t\t\t\t\t<div class=\"elementor-gallery-item__overlay\"><\/div>\n\t\t\t\t\t\t\t\t\t\t\t\t\t\t\t<div class=\"elementor-gallery-item__content\">\n\t\t\t\t\t\t\t\t\t\t\t\t\t\t<div class=\"elementor-gallery-item__title\">\n\t\t\t\t\t\t\t\t\t\t\t\t\t\t\t\t\t\tTh\u00e9\u00e2tre Roumanoff\t\t\t\t\t\t\t\t<\/div>\n\t\t\t\t\t\t\t\t\t\t\t\t\t\t\t<div class=\"elementor-gallery-item__description\">\n\t\t\t\t\t\t\t\t\t\t\t\t\t\t\t\t\t\tSalle de r\u00e9union Nantes\t\t\t\t\t\t\t\t<\/div>\n\t\t\t\t\t\t\t\t\t\t\t\t<\/div>\n\t\t\t\t\t\t\t\t\t<\/a>\n\t\t\t\t\t<\/div>\n\t\t\t\t\t<\/div>\n\t\t\t\t<\/div>\n\t\t\t\t\t<\/div>\n\t\t\t\t<\/div>\n\t\t\t\t<\/div>\n\t\t","protected":false},"excerpt":{"rendered":"<p>Retour Photos du Th\u00e9\u00e2tre Anne Roumanoff Th\u00e9\u00e2tre Roumanoff Vue depuis la cour Th\u00e9\u00e2tre Roumanoff Plan du th\u00e9\u00e2tre Th\u00e9\u00e2tre Roumanoff Sc\u00e8ne sur\u00e9lev\u00e9e Th\u00e9\u00e2tre Roumanoff Vue des si\u00e8ges Th\u00e9\u00e2tre Roumanoff Salle lumineuse Th\u00e9\u00e2tre Roumanoff Salle de r\u00e9union Nantes<\/p>\n","protected":false},"author":3,"featured_media":688,"parent":686,"menu_order":0,"comment_status":"closed","ping_status":"closed","template":"elementor_canvas","meta":{"_acf_changed":false,"footnotes":""},"type_publication":[],"class_list":["post-698","page","type-page","status-publish","has-post-thumbnail","hentry"],"acf":[],"_links":{"self":[{"href":"https:\/\/locationsallenantes.com\/index.php?rest_route=\/wp\/v2\/pages\/698","targetHints":{"allow":["GET"]}}],"collection":[{"href":"https:\/\/locationsallenantes.com\/index.php?rest_route=\/wp\/v2\/pages"}],"about":[{"href":"https:\/\/locationsallenantes.com\/index.php?rest_route=\/wp\/v2\/types\/page"}],"author":[{"embeddable":true,"href":"https:\/\/locationsallenantes.com\/index.php?rest_route=\/wp\/v2\/users\/3"}],"replies":[{"embeddable":true,"href":"https:\/\/locationsallenantes.com\/index.php?rest_route=%2Fwp%2Fv2%2Fcomments&post=698"}],"version-history":[{"count":9,"href":"https:\/\/locationsallenantes.com\/index.php?rest_route=\/wp\/v2\/pages\/698\/revisions"}],"predecessor-version":[{"id":3876,"href":"https:\/\/locationsallenantes.com\/index.php?rest_route=\/wp\/v2\/pages\/698\/revisions\/3876"}],"up":[{"embeddable":true,"href":"https:\/\/locationsallenantes.com\/index.php?rest_route=\/wp\/v2\/pages\/686"}],"wp:featuredmedia":[{"embeddable":true,"href":"https:\/\/locationsallenantes.com\/index.php?rest_route=\/wp\/v2\/media\/688"}],"wp:attachment":[{"href":"https:\/\/locationsallenantes.com\/index.php?rest_route=%2Fwp%2Fv2%2Fmedia&parent=698"}],"wp:term":[{"taxonomy":"type_publication","embeddable":true,"href":"https:\/\/locationsallenantes.com\/index.php?rest_route=%2Fwp%2Fv2%2Ftype_publication&post=698"}],"curies":[{"name":"wp","href":"https:\/\/api.w.org\/{rel}","templated":true}]}}