{"id":719,"date":"2024-11-05T17:17:40","date_gmt":"2024-11-05T17:17:40","guid":{"rendered":"https:\/\/locationsallenantes.com\/?page_id=719"},"modified":"2026-03-25T15:43:56","modified_gmt":"2026-03-25T15:43:56","slug":"photos3","status":"publish","type":"page","link":"https:\/\/locationsallenantes.com\/?page_id=719","title":{"rendered":"Photos"},"content":{"rendered":"\t\t<div data-elementor-type=\"wp-page\" data-elementor-id=\"719\" class=\"elementor elementor-719\" data-elementor-post-type=\"page\">\n\t\t\t\t<div class=\"elementor-element elementor-element-99fb390 e-flex e-con-boxed e-con e-parent\" data-id=\"99fb390\" data-element_type=\"container\" data-e-type=\"container\">\n\t\t\t\t\t<div class=\"e-con-inner\">\n\t\t\t\t<div class=\"elementor-element elementor-element-7f13593 elementor-widget elementor-widget-button\" data-id=\"7f13593\" data-element_type=\"widget\" data-e-type=\"widget\" data-widget_type=\"button.default\">\n\t\t\t\t<div class=\"elementor-widget-container\">\n\t\t\t\t\t\t\t\t\t<div class=\"elementor-button-wrapper\">\n\t\t\t\t\t<a class=\"elementor-button elementor-button-link elementor-size-sm\" href=\"https:\/\/locationsallenantes.com\/?page_id=718\">\n\t\t\t\t\t\t<span class=\"elementor-button-content-wrapper\">\n\t\t\t\t\t\t<span class=\"elementor-button-icon\">\n\t\t\t\t<svg xmlns=\"http:\/\/www.w3.org\/2000\/svg\" id=\"Outline\" viewBox=\"0 0 24 24\" width=\"512\" height=\"512\"><path d=\"M.88,14.09,4.75,18a1,1,0,0,0,1.42,0h0a1,1,0,0,0,0-1.42L2.61,13H23a1,1,0,0,0,1-1h0a1,1,0,0,0-1-1H2.55L6.17,7.38A1,1,0,0,0,6.17,6h0A1,1,0,0,0,4.75,6L.88,9.85A3,3,0,0,0,.88,14.09Z\"><\/path><\/svg>\t\t\t<\/span>\n\t\t\t\t\t\t\t\t\t<span class=\"elementor-button-text\">Retour<\/span>\n\t\t\t\t\t<\/span>\n\t\t\t\t\t<\/a>\n\t\t\t\t<\/div>\n\t\t\t\t\t\t\t\t<\/div>\n\t\t\t\t<\/div>\n\t\t\t\t<div class=\"elementor-element elementor-element-0231fdc elementor-widget elementor-widget-theme-site-logo elementor-widget-image\" data-id=\"0231fdc\" data-element_type=\"widget\" data-e-type=\"widget\" data-widget_type=\"theme-site-logo.default\">\n\t\t\t\t<div class=\"elementor-widget-container\">\n\t\t\t\t\t\t\t\t\t\t\t<a href=\"https:\/\/locationsallenantes.com\">\n\t\t\t<img decoding=\"async\" width=\"224\" height=\"106\" src=\"https:\/\/locationsallenantes.com\/wp-content\/uploads\/2024\/05\/logo-site-event.png\" class=\"attachment-full size-full wp-image-1242\" alt=\"logo la compagnie du cafe theatre event\" title=\"\">\t\t\t\t<\/a>\n\t\t\t\t\t\t\t\t\t\t\t<\/div>\n\t\t\t\t<\/div>\n\t\t\t\t\t<\/div>\n\t\t\t\t<\/div>\n\t\t<div class=\"elementor-element elementor-element-c838a3c e-flex e-con-boxed e-con e-parent\" data-id=\"c838a3c\" data-element_type=\"container\" data-e-type=\"container\">\n\t\t\t\t\t<div class=\"e-con-inner\">\n\t\t\t\t<div class=\"elementor-element elementor-element-619913d elementor-widget elementor-widget-heading\" data-id=\"619913d\" data-element_type=\"widget\" data-e-type=\"widget\" data-widget_type=\"heading.default\">\n\t\t\t\t<div class=\"elementor-widget-container\">\n\t\t\t\t\t<h1 class=\"elementor-heading-title elementor-size-default\">Photos Salle Kev Adams<\/h1>\t\t\t\t<\/div>\n\t\t\t\t<\/div>\n\t\t\t\t<div class=\"elementor-element elementor-element-2ca57dd elementor-widget elementor-widget-gallery\" data-id=\"2ca57dd\" data-element_type=\"widget\" data-e-type=\"widget\" data-settings=\"{&quot;gallery_layout&quot;:&quot;masonry&quot;,&quot;columns&quot;:2,&quot;overlay_title&quot;:&quot;title&quot;,&quot;overlay_description&quot;:&quot;caption&quot;,&quot;gap&quot;:{&quot;unit&quot;:&quot;px&quot;,&quot;size&quot;:20,&quot;sizes&quot;:[]},&quot;gap_mobile&quot;:{&quot;unit&quot;:&quot;px&quot;,&quot;size&quot;:20,&quot;sizes&quot;:[]},&quot;columns_tablet&quot;:2,&quot;columns_mobile&quot;:1,&quot;gap_tablet&quot;:{&quot;unit&quot;:&quot;px&quot;,&quot;size&quot;:10,&quot;sizes&quot;:[]},&quot;link_to&quot;:&quot;file&quot;,&quot;overlay_background&quot;:&quot;yes&quot;,&quot;content_hover_animation&quot;:&quot;fade-in&quot;}\" data-widget_type=\"gallery.default\">\n\t\t\t\t<div class=\"elementor-widget-container\">\n\t\t\t\t\t\t\t<div class=\"elementor-gallery__container\">\n\t\t\t\t\t\t\t<a class=\"e-gallery-item elementor-gallery-item elementor-animated-content\" href=\"https:\/\/locationsallenantes.com\/wp-content\/uploads\/2024\/11\/KEV-ADAMS-1-1.png\" data-elementor-open-lightbox=\"yes\" data-elementor-lightbox-slideshow=\"2ca57dd\" data-elementor-lightbox-title=\"Th\u00e9\u00e2tre Kev Adams\" data-elementor-lightbox-description=\"Th\u00e9\u00e2tre \u00e0 louer \u00e0 Nantes\" data-e-action-hash=\"#elementor-action%3Aaction%3Dlightbox%26settings%3DeyJpZCI6MTIwNiwidXJsIjoiaHR0cHM6XC9cL2xvY2F0aW9uc2FsbGVuYW50ZXMuY29tXC93cC1jb250ZW50XC91cGxvYWRzXC8yMDI0XC8xMVwvS0VWLUFEQU1TLTEtMS5wbmciLCJzbGlkZXNob3ciOiIyY2E1N2RkIn0%3D\">\n\t\t\t\t\t<div class=\"e-gallery-image elementor-gallery-item__image\" data-thumbnail=\"https:\/\/locationsallenantes.com\/wp-content\/uploads\/2024\/11\/KEV-ADAMS-1-1-768x514.png\" data-width=\"768\" data-height=\"514\" aria-label=\"Th\u00e9\u00e2tre \u00e0 louer \u00e0 Nantes\" role=\"img\" ><\/div>\n\t\t\t\t\t\t\t\t\t\t\t<div class=\"elementor-gallery-item__overlay\"><\/div>\n\t\t\t\t\t\t\t\t\t\t\t\t\t\t\t<div class=\"elementor-gallery-item__content\">\n\t\t\t\t\t\t\t\t\t\t\t\t\t\t<div class=\"elementor-gallery-item__title\">\n\t\t\t\t\t\t\t\t\t\t\t\t\t\t\t\t\t\tTh\u00e9\u00e2tre Kev Adams\t\t\t\t\t\t\t\t<\/div>\n\t\t\t\t\t\t\t\t\t\t\t\t\t\t\t<div class=\"elementor-gallery-item__description\">\n\t\t\t\t\t\t\t\t\t\t\t\t\t\t\t\t\t\tPlan de la salle\t\t\t\t\t\t\t\t<\/div>\n\t\t\t\t\t\t\t\t\t\t\t\t<\/div>\n\t\t\t\t\t\t\t\t\t<\/a>\n\t\t\t\t\t\t\t<a class=\"e-gallery-item elementor-gallery-item elementor-animated-content\" href=\"https:\/\/locationsallenantes.com\/wp-content\/uploads\/2026\/03\/Location-Salle-Nantes-Reunion.png\" data-elementor-open-lightbox=\"yes\" data-elementor-lightbox-slideshow=\"2ca57dd\" data-elementor-lightbox-title=\"Th\u00e9\u00e2tre Kev Adams\" data-elementor-lightbox-description=\"Salle de r\u00e9union Nantes\" data-e-action-hash=\"#elementor-action%3Aaction%3Dlightbox%26settings%3DeyJpZCI6Mzg1NSwidXJsIjoiaHR0cHM6XC9cL2xvY2F0aW9uc2FsbGVuYW50ZXMuY29tXC93cC1jb250ZW50XC91cGxvYWRzXC8yMDI2XC8wM1wvTG9jYXRpb24tU2FsbGUtTmFudGVzLVJldW5pb24ucG5nIiwic2xpZGVzaG93IjoiMmNhNTdkZCJ9\">\n\t\t\t\t\t<div class=\"e-gallery-image elementor-gallery-item__image\" data-thumbnail=\"https:\/\/locationsallenantes.com\/wp-content\/uploads\/2026\/03\/Location-Salle-Nantes-Reunion-768x512.png\" data-width=\"768\" data-height=\"512\" aria-label=\"Salle de r\u00e9union Nantes\" role=\"img\" ><\/div>\n\t\t\t\t\t\t\t\t\t\t\t<div class=\"elementor-gallery-item__overlay\"><\/div>\n\t\t\t\t\t\t\t\t\t\t\t\t\t\t\t<div class=\"elementor-gallery-item__content\">\n\t\t\t\t\t\t\t\t\t\t\t\t\t\t<div class=\"elementor-gallery-item__title\">\n\t\t\t\t\t\t\t\t\t\t\t\t\t\t\t\t\t\tTh\u00e9\u00e2tre Kev Adams\t\t\t\t\t\t\t\t<\/div>\n\t\t\t\t\t\t\t\t\t\t\t\t\t\t\t<div class=\"elementor-gallery-item__description\">\n\t\t\t\t\t\t\t\t\t\t\t\t\t\t\t\t\t\tSalle de r\u00e9union Nantes\t\t\t\t\t\t\t\t<\/div>\n\t\t\t\t\t\t\t\t\t\t\t\t<\/div>\n\t\t\t\t\t\t\t\t\t<\/a>\n\t\t\t\t\t\t\t<a class=\"e-gallery-item elementor-gallery-item elementor-animated-content\" href=\"https:\/\/locationsallenantes.com\/wp-content\/uploads\/2026\/03\/Location-Salle-Nantes-seminaire-dentreprise.jpg\" data-elementor-open-lightbox=\"yes\" data-elementor-lightbox-slideshow=\"2ca57dd\" data-elementor-lightbox-title=\"Th\u00e9\u00e2tre Kev Adams\" data-elementor-lightbox-description=\"Salle de r\u00e9union Nantes lumineuse\" data-e-action-hash=\"#elementor-action%3Aaction%3Dlightbox%26settings%3DeyJpZCI6Mzg1NiwidXJsIjoiaHR0cHM6XC9cL2xvY2F0aW9uc2FsbGVuYW50ZXMuY29tXC93cC1jb250ZW50XC91cGxvYWRzXC8yMDI2XC8wM1wvTG9jYXRpb24tU2FsbGUtTmFudGVzLXNlbWluYWlyZS1kZW50cmVwcmlzZS5qcGciLCJzbGlkZXNob3ciOiIyY2E1N2RkIn0%3D\">\n\t\t\t\t\t<div class=\"e-gallery-image elementor-gallery-item__image\" data-thumbnail=\"https:\/\/locationsallenantes.com\/wp-content\/uploads\/2026\/03\/Location-Salle-Nantes-seminaire-dentreprise-768x512.jpg\" data-width=\"768\" data-height=\"512\" aria-label=\"Salle de r\u00e9union Nantes lumineuse\" role=\"img\" ><\/div>\n\t\t\t\t\t\t\t\t\t\t\t<div class=\"elementor-gallery-item__overlay\"><\/div>\n\t\t\t\t\t\t\t\t\t\t\t\t\t\t\t<div class=\"elementor-gallery-item__content\">\n\t\t\t\t\t\t\t\t\t\t\t\t\t\t<div class=\"elementor-gallery-item__title\">\n\t\t\t\t\t\t\t\t\t\t\t\t\t\t\t\t\t\tTh\u00e9\u00e2tre Kev Adams\t\t\t\t\t\t\t\t<\/div>\n\t\t\t\t\t\t\t\t\t\t\t\t\t\t\t<div class=\"elementor-gallery-item__description\">\n\t\t\t\t\t\t\t\t\t\t\t\t\t\t\t\t\t\tSalle de r\u00e9union Nantes lumineuse\t\t\t\t\t\t\t\t<\/div>\n\t\t\t\t\t\t\t\t\t\t\t\t<\/div>\n\t\t\t\t\t\t\t\t\t<\/a>\n\t\t\t\t\t<\/div>\n\t\t\t\t\t<\/div>\n\t\t\t\t<\/div>\n\t\t\t\t\t<\/div>\n\t\t\t\t<\/div>\n\t\t\t\t<\/div>\n\t\t","protected":false},"excerpt":{"rendered":"<p>Retour Photos Salle Kev Adams Th\u00e9\u00e2tre Kev Adams Plan de la salle Th\u00e9\u00e2tre Kev Adams Salle de r\u00e9union Nantes Th\u00e9\u00e2tre Kev Adams Salle de r\u00e9union Nantes lumineuse<\/p>\n","protected":false},"author":3,"featured_media":722,"parent":718,"menu_order":0,"comment_status":"closed","ping_status":"closed","template":"","meta":{"_acf_changed":false,"footnotes":""},"type_publication":[],"class_list":["post-719","page","type-page","status-publish","has-post-thumbnail","hentry"],"acf":[],"_links":{"self":[{"href":"https:\/\/locationsallenantes.com\/index.php?rest_route=\/wp\/v2\/pages\/719","targetHints":{"allow":["GET"]}}],"collection":[{"href":"https:\/\/locationsallenantes.com\/index.php?rest_route=\/wp\/v2\/pages"}],"about":[{"href":"https:\/\/locationsallenantes.com\/index.php?rest_route=\/wp\/v2\/types\/page"}],"author":[{"embeddable":true,"href":"https:\/\/locationsallenantes.com\/index.php?rest_route=\/wp\/v2\/users\/3"}],"replies":[{"embeddable":true,"href":"https:\/\/locationsallenantes.com\/index.php?rest_route=%2Fwp%2Fv2%2Fcomments&post=719"}],"version-history":[{"count":3,"href":"https:\/\/locationsallenantes.com\/index.php?rest_route=\/wp\/v2\/pages\/719\/revisions"}],"predecessor-version":[{"id":3859,"href":"https:\/\/locationsallenantes.com\/index.php?rest_route=\/wp\/v2\/pages\/719\/revisions\/3859"}],"up":[{"embeddable":true,"href":"https:\/\/locationsallenantes.com\/index.php?rest_route=\/wp\/v2\/pages\/718"}],"wp:featuredmedia":[{"embeddable":true,"href":"https:\/\/locationsallenantes.com\/index.php?rest_route=\/wp\/v2\/media\/722"}],"wp:attachment":[{"href":"https:\/\/locationsallenantes.com\/index.php?rest_route=%2Fwp%2Fv2%2Fmedia&parent=719"}],"wp:term":[{"taxonomy":"type_publication","embeddable":true,"href":"https:\/\/locationsallenantes.com\/index.php?rest_route=%2Fwp%2Fv2%2Ftype_publication&post=719"}],"curies":[{"name":"wp","href":"https:\/\/api.w.org\/{rel}","templated":true}]}}