{"id":746,"date":"2024-11-05T17:23:54","date_gmt":"2024-11-05T17:23:54","guid":{"rendered":"https:\/\/locationsallenantes.com\/?page_id=746"},"modified":"2025-05-28T22:56:44","modified_gmt":"2025-05-28T22:56:44","slug":"photos1","status":"publish","type":"page","link":"https:\/\/locationsallenantes.com\/?page_id=746","title":{"rendered":"Photos Salle de r\u00e9union &#8211; Coluche"},"content":{"rendered":"\t\t<div data-elementor-type=\"wp-page\" data-elementor-id=\"746\" class=\"elementor elementor-746\" data-elementor-post-type=\"page\">\n\t\t\t\t<div class=\"elementor-element elementor-element-095549c e-flex e-con-boxed e-con e-parent\" data-id=\"095549c\" data-element_type=\"container\" data-e-type=\"container\">\n\t\t\t\t\t<div class=\"e-con-inner\">\n\t\t\t\t<div class=\"elementor-element elementor-element-98683e1 elementor-widget elementor-widget-button\" data-id=\"98683e1\" data-element_type=\"widget\" data-e-type=\"widget\" data-widget_type=\"button.default\">\n\t\t\t\t<div class=\"elementor-widget-container\">\n\t\t\t\t\t\t\t\t\t<div class=\"elementor-button-wrapper\">\n\t\t\t\t\t<a class=\"elementor-button elementor-button-link elementor-size-sm\" href=\"https:\/\/locationsallenantes.com\/?page_id=734\">\n\t\t\t\t\t\t<span class=\"elementor-button-content-wrapper\">\n\t\t\t\t\t\t<span class=\"elementor-button-icon\">\n\t\t\t\t<svg xmlns=\"http:\/\/www.w3.org\/2000\/svg\" id=\"Outline\" viewBox=\"0 0 24 24\" width=\"512\" height=\"512\"><path d=\"M.88,14.09,4.75,18a1,1,0,0,0,1.42,0h0a1,1,0,0,0,0-1.42L2.61,13H23a1,1,0,0,0,1-1h0a1,1,0,0,0-1-1H2.55L6.17,7.38A1,1,0,0,0,6.17,6h0A1,1,0,0,0,4.75,6L.88,9.85A3,3,0,0,0,.88,14.09Z\"><\/path><\/svg>\t\t\t<\/span>\n\t\t\t\t\t\t\t\t\t<span class=\"elementor-button-text\">Retour<\/span>\n\t\t\t\t\t<\/span>\n\t\t\t\t\t<\/a>\n\t\t\t\t<\/div>\n\t\t\t\t\t\t\t\t<\/div>\n\t\t\t\t<\/div>\n\t\t\t\t<div class=\"elementor-element elementor-element-2924037 elementor-widget elementor-widget-theme-site-logo elementor-widget-image\" data-id=\"2924037\" data-element_type=\"widget\" data-e-type=\"widget\" data-widget_type=\"theme-site-logo.default\">\n\t\t\t\t<div class=\"elementor-widget-container\">\n\t\t\t\t\t\t\t\t\t\t\t<a href=\"https:\/\/locationsallenantes.com\">\n\t\t\t<img decoding=\"async\" width=\"224\" height=\"106\" src=\"https:\/\/locationsallenantes.com\/wp-content\/uploads\/2024\/05\/logo-site-event.png\" class=\"attachment-full size-full wp-image-1242\" alt=\"logo la compagnie du cafe theatre event\" title=\"\">\t\t\t\t<\/a>\n\t\t\t\t\t\t\t\t\t\t\t<\/div>\n\t\t\t\t<\/div>\n\t\t\t\t\t<\/div>\n\t\t\t\t<\/div>\n\t\t<div class=\"elementor-element elementor-element-9ef1863 e-flex e-con-boxed e-con e-parent\" data-id=\"9ef1863\" data-element_type=\"container\" data-e-type=\"container\">\n\t\t\t\t\t<div class=\"e-con-inner\">\n\t\t\t\t<div class=\"elementor-element elementor-element-8321c16 elementor-widget elementor-widget-heading\" data-id=\"8321c16\" data-element_type=\"widget\" data-e-type=\"widget\" data-widget_type=\"heading.default\">\n\t\t\t\t<div class=\"elementor-widget-container\">\n\t\t\t\t\t<h1 class=\"elementor-heading-title elementor-size-default\">Photos<\/h1>\t\t\t\t<\/div>\n\t\t\t\t<\/div>\n\t\t\t\t<div class=\"elementor-element elementor-element-b07063e elementor-widget elementor-widget-gallery\" data-id=\"b07063e\" data-element_type=\"widget\" data-e-type=\"widget\" data-settings=\"{&quot;gallery_layout&quot;:&quot;masonry&quot;,&quot;columns&quot;:2,&quot;overlay_title&quot;:&quot;title&quot;,&quot;overlay_description&quot;:&quot;caption&quot;,&quot;gap&quot;:{&quot;unit&quot;:&quot;px&quot;,&quot;size&quot;:20,&quot;sizes&quot;:[]},&quot;gap_mobile&quot;:{&quot;unit&quot;:&quot;px&quot;,&quot;size&quot;:20,&quot;sizes&quot;:[]},&quot;columns_tablet&quot;:2,&quot;columns_mobile&quot;:1,&quot;gap_tablet&quot;:{&quot;unit&quot;:&quot;px&quot;,&quot;size&quot;:10,&quot;sizes&quot;:[]},&quot;link_to&quot;:&quot;file&quot;,&quot;overlay_background&quot;:&quot;yes&quot;,&quot;content_hover_animation&quot;:&quot;fade-in&quot;}\" data-widget_type=\"gallery.default\">\n\t\t\t\t<div class=\"elementor-widget-container\">\n\t\t\t\t\t\t\t<div class=\"elementor-gallery__container\">\n\t\t\t\t\t\t\t<a class=\"e-gallery-item elementor-gallery-item elementor-animated-content\" href=\"https:\/\/locationsallenantes.com\/wp-content\/uploads\/2024\/11\/kavanagh-3.png\" data-elementor-open-lightbox=\"yes\" data-elementor-lightbox-slideshow=\"b07063e\" data-elementor-lightbox-title=\"Salle Coluche\" data-elementor-lightbox-description=\"Salle de r\u00e9union \u00e0 louer \u00e0 Nantes\" data-e-action-hash=\"#elementor-action%3Aaction%3Dlightbox%26settings%3DeyJpZCI6NzM2LCJ1cmwiOiJodHRwczpcL1wvbG9jYXRpb25zYWxsZW5hbnRlcy5jb21cL3dwLWNvbnRlbnRcL3VwbG9hZHNcLzIwMjRcLzExXC9rYXZhbmFnaC0zLnBuZyIsInNsaWRlc2hvdyI6ImIwNzA2M2UifQ%3D%3D\">\n\t\t\t\t\t<div class=\"e-gallery-image elementor-gallery-item__image\" data-thumbnail=\"https:\/\/locationsallenantes.com\/wp-content\/uploads\/2024\/11\/kavanagh-3-1024x598.png\" data-width=\"800\" data-height=\"467\" aria-label=\"Salle de r\u00e9union \u00e0 louer \u00e0 Nantes\" role=\"img\" ><\/div>\n\t\t\t\t\t\t\t\t\t\t\t<div class=\"elementor-gallery-item__overlay\"><\/div>\n\t\t\t\t\t\t\t\t\t\t\t\t\t\t\t<div class=\"elementor-gallery-item__content\">\n\t\t\t\t\t\t\t\t\t\t\t\t\t\t<div class=\"elementor-gallery-item__title\">\n\t\t\t\t\t\t\t\t\t\t\t\t\t\t\t\t\t\tSalle Coluche\t\t\t\t\t\t\t\t<\/div>\n\t\t\t\t\t\t\t\t\t\t\t\t\t\t\t<div class=\"elementor-gallery-item__description\">\n\t\t\t\t\t\t\t\t\t\t\t\t\t\t\t\t\t\tSalle de r\u00e9union\t\t\t\t\t\t\t\t<\/div>\n\t\t\t\t\t\t\t\t\t\t\t\t<\/div>\n\t\t\t\t\t\t\t\t\t<\/a>\n\t\t\t\t\t\t\t<a class=\"e-gallery-item elementor-gallery-item elementor-animated-content\" href=\"https:\/\/locationsallenantes.com\/wp-content\/uploads\/2024\/11\/kavanagh-2bis.png\" data-elementor-open-lightbox=\"yes\" data-elementor-lightbox-slideshow=\"b07063e\" data-elementor-lightbox-title=\"Salle Coluche\" data-elementor-lightbox-description=\"Salle de r\u00e9union \u00e0 louer \u00e0 Nantes\" data-e-action-hash=\"#elementor-action%3Aaction%3Dlightbox%26settings%3DeyJpZCI6NzM1LCJ1cmwiOiJodHRwczpcL1wvbG9jYXRpb25zYWxsZW5hbnRlcy5jb21cL3dwLWNvbnRlbnRcL3VwbG9hZHNcLzIwMjRcLzExXC9rYXZhbmFnaC0yYmlzLnBuZyIsInNsaWRlc2hvdyI6ImIwNzA2M2UifQ%3D%3D\">\n\t\t\t\t\t<div class=\"e-gallery-image elementor-gallery-item__image\" data-thumbnail=\"https:\/\/locationsallenantes.com\/wp-content\/uploads\/2024\/11\/kavanagh-2bis-1024x675.png\" data-width=\"800\" data-height=\"527\" aria-label=\"photos\" role=\"img\" ><\/div>\n\t\t\t\t\t\t\t\t\t\t\t<div class=\"elementor-gallery-item__overlay\"><\/div>\n\t\t\t\t\t\t\t\t\t\t\t\t\t\t\t<div class=\"elementor-gallery-item__content\">\n\t\t\t\t\t\t\t\t\t\t\t\t\t\t<div class=\"elementor-gallery-item__title\">\n\t\t\t\t\t\t\t\t\t\t\t\t\t\t\t\t\t\tSalle Coluche\t\t\t\t\t\t\t\t<\/div>\n\t\t\t\t\t\t\t\t\t\t\t\t\t\t\t<div class=\"elementor-gallery-item__description\">\n\t\t\t\t\t\t\t\t\t\t\t\t\t\t\t\t\t\tSalle de r\u00e9union\t\t\t\t\t\t\t\t<\/div>\n\t\t\t\t\t\t\t\t\t\t\t\t<\/div>\n\t\t\t\t\t\t\t\t\t<\/a>\n\t\t\t\t\t\t\t<a class=\"e-gallery-item elementor-gallery-item elementor-animated-content\" href=\"https:\/\/locationsallenantes.com\/wp-content\/uploads\/2024\/11\/COLUCHE.png\" data-elementor-open-lightbox=\"yes\" data-elementor-lightbox-slideshow=\"b07063e\" data-elementor-lightbox-title=\"Salle Coluche\" data-elementor-lightbox-description=\"Salle de r\u00e9union \u00e0 Nantes\" data-e-action-hash=\"#elementor-action%3Aaction%3Dlightbox%26settings%3DeyJpZCI6MTIwNSwidXJsIjoiaHR0cHM6XC9cL2xvY2F0aW9uc2FsbGVuYW50ZXMuY29tXC93cC1jb250ZW50XC91cGxvYWRzXC8yMDI0XC8xMVwvQ09MVUNIRS5wbmciLCJzbGlkZXNob3ciOiJiMDcwNjNlIn0%3D\">\n\t\t\t\t\t<div class=\"e-gallery-image elementor-gallery-item__image\" data-thumbnail=\"https:\/\/locationsallenantes.com\/wp-content\/uploads\/2024\/11\/COLUCHE-1024x684.png\" data-width=\"800\" data-height=\"534\" aria-label=\"Salle de r\u00e9union \u00e0 Nantes\" role=\"img\" ><\/div>\n\t\t\t\t\t\t\t\t\t\t\t<div class=\"elementor-gallery-item__overlay\"><\/div>\n\t\t\t\t\t\t\t\t\t\t\t\t\t\t\t<div class=\"elementor-gallery-item__content\">\n\t\t\t\t\t\t\t\t\t\t\t\t\t\t<div class=\"elementor-gallery-item__title\">\n\t\t\t\t\t\t\t\t\t\t\t\t\t\t\t\t\t\tSalle Coluche\t\t\t\t\t\t\t\t<\/div>\n\t\t\t\t\t\t\t\t\t\t\t\t\t\t\t<div class=\"elementor-gallery-item__description\">\n\t\t\t\t\t\t\t\t\t\t\t\t\t\t\t\t\t\tPlan de la salle\t\t\t\t\t\t\t\t<\/div>\n\t\t\t\t\t\t\t\t\t\t\t\t<\/div>\n\t\t\t\t\t\t\t\t\t<\/a>\n\t\t\t\t\t<\/div>\n\t\t\t\t\t<\/div>\n\t\t\t\t<\/div>\n\t\t\t\t\t<\/div>\n\t\t\t\t<\/div>\n\t\t\t\t<\/div>\n\t\t","protected":false},"excerpt":{"rendered":"<p>Retour Photos Salle Coluche Salle de r\u00e9union Salle Coluche Salle de r\u00e9union Salle Coluche Plan de la salle<\/p>\n","protected":false},"author":3,"featured_media":735,"parent":734,"menu_order":0,"comment_status":"closed","ping_status":"closed","template":"","meta":{"_acf_changed":false,"footnotes":""},"type_publication":[],"class_list":["post-746","page","type-page","status-publish","has-post-thumbnail","hentry"],"acf":[],"_links":{"self":[{"href":"https:\/\/locationsallenantes.com\/index.php?rest_route=\/wp\/v2\/pages\/746","targetHints":{"allow":["GET"]}}],"collection":[{"href":"https:\/\/locationsallenantes.com\/index.php?rest_route=\/wp\/v2\/pages"}],"about":[{"href":"https:\/\/locationsallenantes.com\/index.php?rest_route=\/wp\/v2\/types\/page"}],"author":[{"embeddable":true,"href":"https:\/\/locationsallenantes.com\/index.php?rest_route=\/wp\/v2\/users\/3"}],"replies":[{"embeddable":true,"href":"https:\/\/locationsallenantes.com\/index.php?rest_route=%2Fwp%2Fv2%2Fcomments&post=746"}],"version-history":[{"count":0,"href":"https:\/\/locationsallenantes.com\/index.php?rest_route=\/wp\/v2\/pages\/746\/revisions"}],"up":[{"embeddable":true,"href":"https:\/\/locationsallenantes.com\/index.php?rest_route=\/wp\/v2\/pages\/734"}],"wp:featuredmedia":[{"embeddable":true,"href":"https:\/\/locationsallenantes.com\/index.php?rest_route=\/wp\/v2\/media\/735"}],"wp:attachment":[{"href":"https:\/\/locationsallenantes.com\/index.php?rest_route=%2Fwp%2Fv2%2Fmedia&parent=746"}],"wp:term":[{"taxonomy":"type_publication","embeddable":true,"href":"https:\/\/locationsallenantes.com\/index.php?rest_route=%2Fwp%2Fv2%2Ftype_publication&post=746"}],"curies":[{"name":"wp","href":"https:\/\/api.w.org\/{rel}","templated":true}]}}